{"id":319,"date":"2020-02-20T20:58:26","date_gmt":"2020-02-20T19:58:26","guid":{"rendered":"https:\/\/oasistropical.co.cr\/sobre-playas-del-coco\/"},"modified":"2020-04-28T05:09:59","modified_gmt":"2020-04-28T03:09:59","slug":"about-playas-del-coco","status":"publish","type":"page","link":"https:\/\/oasistropical.co.cr\/en\/about-playas-del-coco\/","title":{"rendered":"About Playas del Coco"},"content":{"rendered":"<p>[vc_row expand=&#8221;expand&#8221; bg_type=&#8221;image&#8221; parallax_style=&#8221;vcpb-default&#8221; css=&#8221;.vc_custom_1582317360061{background-image: url(https:\/\/oasistropical.co.cr\/wp-content\/uploads\/2020\/02\/oasis-tropical-contacto.jpg?id=56) !important;}&#8221;][vc_column css=&#8221;.vc_custom_1570128861946{padding-top: 100px !important;padding-bottom: 100px !important;}&#8221;][vc_column_text]<\/p>\n<h1 class=\"slider-titles\" style=\"text-align: center;\"><span class=\"bolder\" style=\"color: #ffffff;\">PLAYAS DEL COCO<\/span><\/h1>\n<p>[\/vc_column_text][\/vc_column][\/vc_row][vc_row expand=&#8221;expand&#8221; bg_position_x=&#8221;center&#8221; bg_position_y=&#8221;top&#8221; bg_repeat=&#8221;no-repeat&#8221; bg_size=&#8221;cover&#8221; el_class=&#8221;extended-row margin-top_-10px margin-bottom_0px&#8221; el_top_margin=&#8221;margin-top_-10px&#8221; el_bottom_margin=&#8221;margin-bottom_0px&#8221; css=&#8221;.vc_custom_1582721871457{padding-top: 62px !important;padding-bottom: 62px !important;background-color: #f9f8f9 !important;}&#8221;][vc_column css=&#8221;.vc_custom_1571235495442{padding-bottom: 32px !important;}&#8221;][vc_empty_space][vc_row_inner][vc_column_inner width=&#8221;1\/2&#8243;][vc_column_text]<\/p>\n<h2 style=\"text-align: justify;\">Guanacaste, Costa Rica<\/h2>\n<p>[\/vc_column_text][vc_custom_heading text=&#8221;More information on Playas del Coco&#8221; font_container=&#8221;tag:h3|text_align:left|color:%23c59f74&#8243; google_fonts=&#8221;font_family:Playfair%20Display%3Aregular%2Citalic%2C700%2C700italic%2C900%2C900italic|font_style:400%20italic%3A400%3Aitalic&#8221; css=&#8221;.vc_custom_1586955141230{margin-top: -20px !important;}&#8221;][\/vc_column_inner][vc_column_inner width=&#8221;1\/2&#8243;][\/vc_column_inner][\/vc_row_inner][vc_empty_space height=&#8221;20px&#8221;][vc_row_inner][vc_column_inner width=&#8221;1\/2&#8243;][vc_column_text]<\/p>\n<p style=\"text-align: justify;\">El Coco (Playas del Coco) is a coastal community. It is the fastest growing tourist area in the Gulf of Papagayo and one of the most popular vacation destinations for Costa Rican and foreign tourists. You can easily access beaches such as Ocotal, Panama, Hermosa, Avellanas, and Flamingo among others. Come and visit our nearby islands or national parks where you may spot sharks while diving, or encounter huge sea turtles nesting on the beach. &#8220;El Coco&#8221; is a good place for water activities including diving, sailing tours, sport fishing and surf tours to the world famous sites of Roca Bruja and Ollies Point.<\/p>\n<p>[\/vc_column_text][\/vc_column_inner][vc_column_inner width=&#8221;1\/2&#8243;][vc_column_text]<\/p>\n<p style=\"text-align: justify;\">Visiting Rinc\u00f3n de la Vieja National Park, horseback riding through Playas del Coco, surfing, hiking, diving, yacht charter, catamaran tours and adventures in canopy or quad bikes are other activities you might find interesting to do on you next vacation. You will also find a wide range of restaurants, supermarkets, banks, tour operators, souvenir shops, medical centers, spas, post office, casinos and nightclubs, among other services. Oasis Tropical is located 20 minutes away from Liberia International Airport, and has multiple car rental options nearby.<\/p>\n<p>[\/vc_column_text][\/vc_column_inner][\/vc_row_inner][vc_empty_space height=&#8221;45px&#8221;][\/vc_column][\/vc_row][vc_row expand=&#8221;expand&#8221; bg_position_x=&#8221;center&#8221; bg_position_y=&#8221;top&#8221; bg_repeat=&#8221;no-repeat&#8221; bg_size=&#8221;cover&#8221; el_class=&#8221;margin-top_20px&#8221; el_top_margin=&#8221;margin-top_50px&#8221; css=&#8221;.vc_custom_1582721848363{margin-top: -15px !important;background-color: #ffffff !important;}&#8221;][vc_column width=&#8221;1\/2&#8243;][vc_empty_space height=&#8221;30px&#8221;][vc_single_image image=&#8221;177&#8243; img_size=&#8221;full&#8221;][\/vc_column][vc_column width=&#8221;1\/2&#8243;][vc_empty_space height=&#8221;20px&#8221;][vc_tta_tour style=&#8221;salbii&#8221; active_section=&#8221;1&#8243;][vc_tta_section title=&#8221;The beach&#8221; tab_id=&#8221;the-beach&#8221;][vc_column_text]<\/p>\n<p style=\"text-align: justify;\">You can easily access beaches such as Ocotal, Panama, Hermosa, Avellanas, and Flamingo among others. Come and visit our nearby islands or national parks where you may spot sharks while diving, or encounter huge sea turtles nesting on the beach. &#8220;El Coco&#8221; is a good place for water activities including diving, sailing tours, sport fishing and surf tours to the world famous sites of Roca Bruja and Ollies Point.<\/p>\n<p>[\/vc_column_text][\/vc_tta_section][vc_tta_section title=&#8221;Climate&#8221; tab_id=&#8221;climate&#8221;][vc_column_text]<\/p>\n<p style=\"text-align: justify;\"><span style=\"font-weight: 400;\">The climate is warm and dry from November to May, and turns more humid from the end of May and until the beginning of November, with intermittent rains except for October (the only month of more frequent rains). It has an average annual temperature of 27 \u00b0C \/ 80,6 \u00b0F.<\/span><\/p>\n<p>[\/vc_column_text][\/vc_tta_section][vc_tta_section title=&#8221;Food&#8221; tab_id=&#8221;food&#8221;][vc_column_text]<\/p>\n<p style=\"text-align: justify;\"><span style=\"font-weight: 400;\">In El Coco you can find restaurants such as the Hard Rock Cafe, Dolce Vita and the Mediterranean Soda among others. You can enjoy typical Costa Rican food or more international restaurants. You may also want to try buying fresh fish from local fishermen and cooking it in your fully equipped villa kitchen.<\/span><\/p>\n<p>[\/vc_column_text][\/vc_tta_section][vc_tta_section title=&#8221;Wildlife&#8221; tab_id=&#8221;wildlife&#8221;][vc_column_text]<\/p>\n<p style=\"text-align: justify;\"><span style=\"font-weight: 400;\">You will be woken up to the sound of the birds singing in the morning. Howler monkeys are also common to see in Playas del Coco, so you may also hear and see them. Even just walking through the center of El Coco, you will see birds and different species of butterflies. It is common to see dolphins, turtles, stingrays, and whales in the gulf at any time of the year.<\/span><\/p>\n<p>[\/vc_column_text][\/vc_tta_section][vc_tta_section title=&#8221;Nearby facilities&#8221; tab_id=&#8221;nearby-facilities&#8221;][vc_column_text]<\/p>\n<p style=\"text-align: justify;\"><span style=\"font-weight: 400;\">The International Airport in Liberia Daniel Oduber Quir\u00f3s, Walmart Liberia, Peque\u00f1o Mundo Liberia, Pricesmart Liberia, Liberia Hospital, Cl\u00ednica B\u00edblica Hospital, Metropolitan Hospital, AutoMercado in El Coco, tourist offices, rent a cars and more are all nearby facilities.<br \/>\n<\/span><\/p>\n<p>[\/vc_column_text][\/vc_tta_section][vc_tta_section title=&#8221;Activities&#8221; tab_id=&#8221;activities&#8221;][vc_column_text]<\/p>\n<p style=\"text-align: justify;\"><span style=\"font-weight: 400;\">Sailing, fishing, sport fishing, diving, scuba diving, surfing, water skiing, kayaking and much more. You may also visit nearby national parks where you can go horseback riding, hiking, enjoy some ziplines and much more.<\/span><\/p>\n<p>[\/vc_column_text][\/vc_tta_section][vc_tta_section title=&#8221;Nightlife&#8221; tab_id=&#8221;nightlife&#8221;][vc_column_text]<\/p>\n<p id=\"indent35\" style=\"text-align: justify;\"><span style=\"font-weight: 400;\">Playas del Coco is known to have a great nightlife here in Costa Rica. Live music, dazzling parties, jazz cafes, DJs, casinos, dance the night away in one of our nightclubs, fairs, salsa clubs, or gourmet restaurants.<\/span><\/p>\n<p>[\/vc_column_text][\/vc_tta_section][\/vc_tta_tour][\/vc_column][\/vc_row][vc_row expand=&#8221;expand&#8221; bg_position_x=&#8221;center&#8221; bg_position_y=&#8221;top&#8221; bg_repeat=&#8221;no-repeat&#8221; bg_size=&#8221;cover&#8221; image=&#8221;3705&#8243; bg_opacity=&#8221;.4&#8243; parallax_speed=&#8221;normal&#8221; css=&#8221;.vc_custom_1582663753578{background-color: #f2ede7 !important;}&#8221;][vc_column][vc_empty_space height=&#8221;40&#8243;][vc_custom_heading text=&#8221;Enjoy your vacation in Playas del Coco!&#8221; font_container=&#8221;tag:h2|text_align:center|color:%23c59f74&#8243; use_theme_fonts=&#8221;yes&#8221;][vc_custom_heading text=&#8221;Our prices are per night, VAT included.<br \/>\nNo further charges added.&#8221; font_container=&#8221;tag:h3|font_size:20|text_align:center|color:%23c59f74&#8243; use_theme_fonts=&#8221;yes&#8221;][vc_empty_space height=&#8221;20&#8243;]<div class=\" ubtn-ctn-center \"><a class=\"ubtn-link ult-adjust-bottom-margin ubtn-center ubtn-normal \" href=\"https:\/\/oasistropical.co.cr\/en\/reservations\/\" title=\"Reservaciones\" ><button type=\"button\" id=\"ubtn-1086\"  class=\"ubtn ult-adjust-bottom-margin ult-responsive ubtn-normal ubtn-no-hover-bg  ulta-grow  ubtn-center   tooltip-69f0de985986d\"  data-hover=\"\" data-border-color=\"#a38868\" data-bg=\"\" data-hover-bg=\"\" data-border-hover=\"\" data-shadow-hover=\"\" data-shadow-click=\"none\" data-shadow=\"\" data-shd-shadow=\"\"  data-ultimate-target='#ubtn-1086'  data-responsive-json-new='{\"font-size\":\"\",\"line-height\":\"\"}'  style=\"font-weight:normal;border-radius:1px;border-width:1px;border-color:#a38868;border-style:solid;color: #a38868;\"><span class=\"ubtn-hover\" style=\"background-color:\"><\/span><span class=\"ubtn-data ubtn-text \" >BOOK NOW<\/span><\/button><\/a><\/div>[vc_empty_space height=&#8221;40&#8243;][\/vc_column][\/vc_row]<\/p>\n<div class=\"row\">\n<div class=\"large-12 columns after-content-output\">\n","protected":false},"excerpt":{"rendered":"<p>[vc_row expand=&#8221;expand&#8221; bg_type=&#8221;image&#8221; parallax_style=&#8221;vcpb-default&#8221; css=&#8221;.vc_custom_1582317360061{background-image: url(https:\/\/oasistropical.co.cr\/wp-content\/uploads\/2020\/02\/oasis-tropical-contacto.jpg?id=56) !important;}&#8221;][vc_column css=&#8221;.vc_custom_1570128861946{padding-top: 100px !important;padding-bottom: 100px !important;}&#8221;][vc_column_text] PLAYAS DEL COCO [\/vc_column_text][\/vc_column][\/vc_row][vc_row expand=&#8221;expand&#8221; bg_position_x=&#8221;center&#8221; bg_position_y=&#8221;top&#8221; bg_repeat=&#8221;no-repeat&#8221; bg_size=&#8221;cover&#8221; el_class=&#8221;extended-row margin-top_-10px margin-bottom_0px&#8221; el_top_margin=&#8221;margin-top_-10px&#8221; el_bottom_margin=&#8221;margin-bottom_0px&#8221; css=&#8221;.vc_custom_1582721871457{padding-top: 62px !important;padding-bottom: 62px !important;background-color: #f9f8f9 !important;}&#8221;][vc_column css=&#8221;.vc_custom_1571235495442{padding-bottom: 32px !important;}&#8221;][vc_empty_space][vc_row_inner][vc_column_inner width=&#8221;1\/2&#8243;][vc_column_text] Guanacaste, Costa Rica [\/vc_column_text][vc_custom_heading text=&#8221;More information on Playas del Coco&#8221; font_container=&#8221;tag:h3|text_align:left|color:%23c59f74&#8243; google_fonts=&#8221;font_family:Playfair%20Display%3Aregular%2Citalic%2C700%2C700italic%2C900%2C900italic|font_style:400%20italic%3A400%3Aitalic&#8221; css=&#8221;.vc_custom_1586955141230{margin-top: -20px !important;}&#8221;][\/vc_column_inner][vc_column_inner width=&#8221;1\/2&#8243;][\/vc_column_inner][\/vc_row_inner][vc_empty_space height=&#8221;20px&#8221;][vc_row_inner][vc_column_inner width=&#8221;1\/2&#8243;][vc_column_text] El Coco (Playas del Coco) [&#8230;]<\/p>\n","protected":false},"author":4,"featured_media":0,"parent":0,"menu_order":0,"comment_status":"closed","ping_status":"closed","template":"","meta":[],"yoast_head":"<!-- This site is optimized with the Yoast SEO plugin v15.2 - https:\/\/yoast.com\/wordpress\/plugins\/seo\/ -->\n<meta name=\"robots\" content=\"index, follow, max-snippet:-1, max-image-preview:large, max-video-preview:-1\" \/>\n<link rel=\"canonical\" href=\"https:\/\/oasistropical.co.cr\/en\/about-playas-del-coco\/\" \/>\n<meta property=\"og:locale\" content=\"en_US\" \/>\n<meta property=\"og:type\" content=\"article\" \/>\n<meta property=\"og:title\" content=\"About Playas del Coco - Oasis Tropical\" \/>\n<meta property=\"og:description\" content=\"[vc_row expand=&#8221;expand&#8221; bg_type=&#8221;image&#8221; parallax_style=&#8221;vcpb-default&#8221; css=&#8221;.vc_custom_1582317360061{background-image: url(https:\/\/oasistropical.co.cr\/wp-content\/uploads\/2020\/02\/oasis-tropical-contacto.jpg?id=56) !important;}&#8221;][vc_column css=&#8221;.vc_custom_1570128861946{padding-top: 100px !important;padding-bottom: 100px !important;}&#8221;][vc_column_text] PLAYAS DEL COCO [\/vc_column_text][\/vc_column][\/vc_row][vc_row expand=&#8221;expand&#8221; bg_position_x=&#8221;center&#8221; bg_position_y=&#8221;top&#8221; bg_repeat=&#8221;no-repeat&#8221; bg_size=&#8221;cover&#8221; el_class=&#8221;extended-row margin-top_-10px margin-bottom_0px&#8221; el_top_margin=&#8221;margin-top_-10px&#8221; el_bottom_margin=&#8221;margin-bottom_0px&#8221; css=&#8221;.vc_custom_1582721871457{padding-top: 62px !important;padding-bottom: 62px !important;background-color: #f9f8f9 !important;}&#8221;][vc_column css=&#8221;.vc_custom_1571235495442{padding-bottom: 32px !important;}&#8221;][vc_empty_space][vc_row_inner][vc_column_inner width=&#8221;1\/2&#8243;][vc_column_text] Guanacaste, Costa Rica [\/vc_column_text][vc_custom_heading text=&#8221;More information on Playas del Coco&#8221; font_container=&#8221;tag:h3|text_align:left|color:%23c59f74&#8243; google_fonts=&#8221;font_family:Playfair%20Display%3Aregular%2Citalic%2C700%2C700italic%2C900%2C900italic|font_style:400%20italic%3A400%3Aitalic&#8221; css=&#8221;.vc_custom_1586955141230{margin-top: -20px !important;}&#8221;][\/vc_column_inner][vc_column_inner width=&#8221;1\/2&#8243;][\/vc_column_inner][\/vc_row_inner][vc_empty_space height=&#8221;20px&#8221;][vc_row_inner][vc_column_inner width=&#8221;1\/2&#8243;][vc_column_text] El Coco (Playas del Coco) [...]\" \/>\n<meta property=\"og:url\" content=\"https:\/\/oasistropical.co.cr\/en\/about-playas-del-coco\/\" \/>\n<meta property=\"og:site_name\" content=\"Oasis Tropical\" \/>\n<meta property=\"article:modified_time\" content=\"2020-04-28T03:09:59+00:00\" \/>\n<meta name=\"twitter:card\" content=\"summary_large_image\" \/>\n<meta name=\"twitter:label1\" value=\"Written by\">\n\t<meta name=\"twitter:data1\" value=\"Diseno Cyberfuel\">\n\t<meta name=\"twitter:label2\" value=\"Est. reading time\">\n\t<meta name=\"twitter:data2\" value=\"5 minutes\">\n<script type=\"application\/ld+json\" class=\"yoast-schema-graph\">{\"@context\":\"https:\/\/schema.org\",\"@graph\":[{\"@type\":\"WebSite\",\"@id\":\"https:\/\/oasistropical.co.cr\/#website\",\"url\":\"https:\/\/oasistropical.co.cr\/\",\"name\":\"Oasis Tropical\",\"description\":\"Villas Vacacionales\",\"potentialAction\":[{\"@type\":\"SearchAction\",\"target\":\"https:\/\/oasistropical.co.cr\/?s={search_term_string}\",\"query-input\":\"required name=search_term_string\"}],\"inLanguage\":\"en-US\"},{\"@type\":\"WebPage\",\"@id\":\"https:\/\/oasistropical.co.cr\/en\/about-playas-del-coco\/#webpage\",\"url\":\"https:\/\/oasistropical.co.cr\/en\/about-playas-del-coco\/\",\"name\":\"About Playas del Coco - Oasis Tropical\",\"isPartOf\":{\"@id\":\"https:\/\/oasistropical.co.cr\/#website\"},\"datePublished\":\"2020-02-20T19:58:26+00:00\",\"dateModified\":\"2020-04-28T03:09:59+00:00\",\"inLanguage\":\"en-US\",\"potentialAction\":[{\"@type\":\"ReadAction\",\"target\":[\"https:\/\/oasistropical.co.cr\/en\/about-playas-del-coco\/\"]}]}]}<\/script>\n<!-- \/ Yoast SEO plugin. -->","_links":{"self":[{"href":"https:\/\/oasistropical.co.cr\/en\/wp-json\/wp\/v2\/pages\/319"}],"collection":[{"href":"https:\/\/oasistropical.co.cr\/en\/wp-json\/wp\/v2\/pages"}],"about":[{"href":"https:\/\/oasistropical.co.cr\/en\/wp-json\/wp\/v2\/types\/page"}],"author":[{"embeddable":true,"href":"https:\/\/oasistropical.co.cr\/en\/wp-json\/wp\/v2\/users\/4"}],"replies":[{"embeddable":true,"href":"https:\/\/oasistropical.co.cr\/en\/wp-json\/wp\/v2\/comments?post=319"}],"version-history":[{"count":6,"href":"https:\/\/oasistropical.co.cr\/en\/wp-json\/wp\/v2\/pages\/319\/revisions"}],"predecessor-version":[{"id":361,"href":"https:\/\/oasistropical.co.cr\/en\/wp-json\/wp\/v2\/pages\/319\/revisions\/361"}],"wp:attachment":[{"href":"https:\/\/oasistropical.co.cr\/en\/wp-json\/wp\/v2\/media?parent=319"}],"curies":[{"name":"wp","href":"https:\/\/api.w.org\/{rel}","templated":true}]}}